 
{"id":82,"date":"2020-07-29T14:03:03","date_gmt":"2020-07-29T14:03:03","guid":{"rendered":"http:\/\/block89.de\/?page_id=82"},"modified":"2020-07-29T14:06:33","modified_gmt":"2020-07-29T14:06:33","slug":"k46","status":"publish","type":"page","link":"https:\/\/block89.de\/index.php\/der-block-89\/k46\/","title":{"rendered":"K46"},"content":{"rendered":"\n<p><strong>Kohlfurterstra\u00dfe 46.<\/strong> In der K 46 leben zurzeit 17 Erwachsene und 2 Kinder, die das Haus in zum Teil etagen\u00fcbergreifenden offenen Wohngemeinschaften bewohnen. Durch die offenen T\u00fcren ist es f\u00fcr alle Bewohner*innen jederzeit m\u00f6glich auch Andere als die eigenen Wohnbereiche des Hauses zu nutzen. Dadurch ist ein enges Miteinander der einzelnen Wohngemeinschaften\u00fcber mehr als 30 Jahre erhalten geblieben. <\/p>\n\n\n\n<p>Bei dem Geb\u00e4ude handelt es sich um einen f\u00fcnfgeschossigen Gr\u00fcnderzeit-Altbau. 1986-88 wurde das Geb\u00e4ude im Rahmen der behutsamen Stadterneuerung unter Erhalt der Ofenheizung saniert. <\/p>\n\n\n\n<p>2007 konnten die Bewohner*innen nach einem Rechtsstreit mit der nunmehr privatisierten GSW durchsetzen, dass sie Gasetagenheizungen einbauen durften. Der Einbau wurde von der Hausgemeinschaft gemeinsam so finanziert, dass niemand \u00fcberfordert wurde. Durch den Selbsteinbau konnte eine Mieterh\u00f6hung seitens der GSW verhindert werden. <\/p>\n\n\n\n<p>S\u00e4mtliche Ausgaben (Miete, Gas, Strom, Heizung, Waschmaschinen, Umfeldversch\u00f6nerungen, \u2026) werden aus einer gemeinsamen Kasse bezahlt, in die alle erwachsenen Bewohner*innen eine monatliche Pauschale einzahlen.<\/p>\n","protected":false},"excerpt":{"rendered":"<p>Kohlfurterstra\u00dfe 46. In der K 46 leben zurzeit 17 Erwachsene und 2 Kinder, die das Haus in zum Teil etagen\u00fcbergreifenden offenen Wohngemeinschaften bewohnen. Durch die offenen T\u00fcren ist es f\u00fcr alle Bewohner*innen jederzeit m\u00f6glich auch Andere als die eigenen Wohnbereiche des Hauses zu nutzen. Dadurch ist ein enges Miteinander der einzelnen Wohngemeinschaften\u00fcber mehr als 30 &hellip; <\/p>\n<p class=\"link-more\"><a href=\"https:\/\/block89.de\/index.php\/der-block-89\/k46\/\" class=\"more-link\"><span class=\"screen-reader-text\">\u201eK46\u201c<\/span> weiterlesen<\/a><\/p>\n","protected":false},"author":3,"featured_media":0,"parent":34,"menu_order":0,"comment_status":"closed","ping_status":"closed","template":"","meta":[],"_links":{"self":[{"href":"https:\/\/block89.de\/index.php\/wp-json\/wp\/v2\/pages\/82"}],"collection":[{"href":"https:\/\/block89.de\/index.php\/wp-json\/wp\/v2\/pages"}],"about":[{"href":"https:\/\/block89.de\/index.php\/wp-json\/wp\/v2\/types\/page"}],"author":[{"embeddable":true,"href":"https:\/\/block89.de\/index.php\/wp-json\/wp\/v2\/users\/3"}],"replies":[{"embeddable":true,"href":"https:\/\/block89.de\/index.php\/wp-json\/wp\/v2\/comments?post=82"}],"version-history":[{"count":3,"href":"https:\/\/block89.de\/index.php\/wp-json\/wp\/v2\/pages\/82\/revisions"}],"predecessor-version":[{"id":86,"href":"https:\/\/block89.de\/index.php\/wp-json\/wp\/v2\/pages\/82\/revisions\/86"}],"up":[{"embeddable":true,"href":"https:\/\/block89.de\/index.php\/wp-json\/wp\/v2\/pages\/34"}],"wp:attachment":[{"href":"https:\/\/block89.de\/index.php\/wp-json\/wp\/v2\/media?parent=82"}],"curies":[{"name":"wp","href":"https:\/\/api.w.org\/{rel}","templated":true}]}}