 
{"id":76,"date":"2020-05-27T13:55:18","date_gmt":"2020-05-27T13:55:18","guid":{"rendered":"http:\/\/block89.de\/?page_id=76"},"modified":"2020-05-27T13:59:21","modified_gmt":"2020-05-27T13:59:21","slug":"fraenkelufer-4","status":"publish","type":"page","link":"https:\/\/block89.de\/index.php\/der-block-89\/fraenkelufer-4\/","title":{"rendered":"Fraenkelufer 4"},"content":{"rendered":"\n<p>Das Fraenkelufer 4 wurde 1981 besetzt. Nach den Pl\u00e4nen der GSW (die damalige st\u00e4dtische Wohnungsbaugesellschaft) sollte das Haus abgerissen werden und einem Neubau an der Blockspitze weichen. Durch die Solidarit\u00e4t der Blockbewohner*innen und vieler anderer Unterst\u00fctzer*innen konnte der Abrissplan 1986 abgewendet werden.<\/p>\n\n\n\n<p>Die Sanierung wurde 1994 abgeschlossen, seitdem hat das Haus eine Dachterrasse, einen Gemeinschaftsraum im Dachgeschoss (den \u201eHimmel\u201c), im Keller einen Sportraum (die \u201eH\u00f6lle\u201c) und eine Werkstatt, sowie eine zentrale Gasheizung. Den Himmel benutzen alle Bewohner*innen des Hauses f\u00fcr Treffen, private Feiern, Veranstaltungen und andere Freizeitaktivit\u00e4ten.<\/p>\n\n\n\n<p>In der F4 wohnen 14 Erwachsene und 2 Kinder in 6 Wohngruppen.<\/p>\n\n\n\n<p>Auf ein gemeinsames Hauskonto wird von allen Bewohner*innen ein monatlicher Betrag eingezahlt. Davon werden die Kosten f\u00fcr den \u201eHimmel\u201c, Anschaffungen f\u00fcr die Gemeinschaftsr\u00e4ume oder gemeinsame Aktivit\u00e4ten bezahlt. Die Gemeinschaftsfl\u00e4chen sollen auch in Zukunft f\u00fcr alle Bewohner*innen nutzbar sein und keine der Fl\u00e4chen soll zu einer einzigen Wohneinheit geh\u00f6ren.<\/p>\n\n\n\n<p>Struktur im Haus:<\/p>\n\n\n\n<ul><li>regelm\u00e4\u00dfiges Hausplenum<\/li><li>Entscheidungsfindung im Konsensprinzip<\/li><li>Garten und Hauspflege gemeinschaftlich organisiert<\/li><li>Gemeinschaftsraum gemeinschaftlich finanziert<\/li><\/ul>\n\n\n\n<p>Auch die F4 ereilte 2004 das Verkaufsschicksal an den US-amerikanischen Hedgefond Cerberus. Danach erfolgten weitere Wechsel bis zum heutigen Eigent\u00fcmer, der Aktiengesellschaft Deutsche Wohnen.<\/p>\n","protected":false},"excerpt":{"rendered":"<p>Das Fraenkelufer 4 wurde 1981 besetzt. Nach den Pl\u00e4nen der GSW (die damalige st\u00e4dtische Wohnungsbaugesellschaft) sollte das Haus abgerissen werden und einem Neubau an der Blockspitze weichen. Durch die Solidarit\u00e4t der Blockbewohner*innen und vieler anderer Unterst\u00fctzer*innen konnte der Abrissplan 1986 abgewendet werden. Die Sanierung wurde 1994 abgeschlossen, seitdem hat das Haus eine Dachterrasse, einen Gemeinschaftsraum &hellip; <\/p>\n<p class=\"link-more\"><a href=\"https:\/\/block89.de\/index.php\/der-block-89\/fraenkelufer-4\/\" class=\"more-link\"><span class=\"screen-reader-text\">\u201eFraenkelufer 4\u201c<\/span> weiterlesen<\/a><\/p>\n","protected":false},"author":3,"featured_media":0,"parent":34,"menu_order":0,"comment_status":"closed","ping_status":"closed","template":"","meta":[],"_links":{"self":[{"href":"https:\/\/block89.de\/index.php\/wp-json\/wp\/v2\/pages\/76"}],"collection":[{"href":"https:\/\/block89.de\/index.php\/wp-json\/wp\/v2\/pages"}],"about":[{"href":"https:\/\/block89.de\/index.php\/wp-json\/wp\/v2\/types\/page"}],"author":[{"embeddable":true,"href":"https:\/\/block89.de\/index.php\/wp-json\/wp\/v2\/users\/3"}],"replies":[{"embeddable":true,"href":"https:\/\/block89.de\/index.php\/wp-json\/wp\/v2\/comments?post=76"}],"version-history":[{"count":1,"href":"https:\/\/block89.de\/index.php\/wp-json\/wp\/v2\/pages\/76\/revisions"}],"predecessor-version":[{"id":77,"href":"https:\/\/block89.de\/index.php\/wp-json\/wp\/v2\/pages\/76\/revisions\/77"}],"up":[{"embeddable":true,"href":"https:\/\/block89.de\/index.php\/wp-json\/wp\/v2\/pages\/34"}],"wp:attachment":[{"href":"https:\/\/block89.de\/index.php\/wp-json\/wp\/v2\/media?parent=76"}],"curies":[{"name":"wp","href":"https:\/\/api.w.org\/{rel}","templated":true}]}}