 
{"id":41,"date":"2019-05-24T07:15:04","date_gmt":"2019-05-24T07:15:04","guid":{"rendered":"http:\/\/block89.de\/?page_id=41"},"modified":"2020-05-27T13:58:45","modified_gmt":"2020-05-27T13:58:45","slug":"verein","status":"publish","type":"page","link":"https:\/\/block89.de\/index.php\/der-block-89\/verein\/","title":{"rendered":"K40"},"content":{"rendered":"\n<p><strong>Kohlfurter Stra\u00dfe 40. <\/strong>Wir sind eines jener H\u00e4user, die 1981 besetzt wurden. Auf der Internetseite <a href=\"http:\/\/www.berlin-besetzt.de\">www.berlin-besetzt.de<\/a> findet ihr Fotos von 1981 und ein dokumentiertes Flugblatt der damaligen Besetzer*innen.<\/p>\n\n\n\n<p>1984\/85 wurden mit der Stadt (GSW \u2013 Gemeinn\u00fctzigen Siedlungs- und Wohnungsbaugesellschaft) im Rahmen des so genannten LaMod-Programms (Landeseigene Modernisierung) Vertr\u00e4ge ausgehandelt. Diese Vertr\u00e4ge spiegeln in Teilen das seinerzeitige Bem\u00fchen wieder, dem kommunit\u00e4ren, solidarischen  Wohnmodell auch eine juristische Rahmung zu geben.<\/p>\n\n\n\n<p>2004 wurde die GSW samt eines Bestands ihrer H\u00e4user nach Abauf einer Sperrfrist (zum Verkauf landeseigener Immobilien\/Grundst\u00fccke) an den kanadischen Hedgefonds \u00bbCerberus Capital Management\u00ab verkauft. Das umfasste einen Bestand von 65.000 Wohnungen. Ab 2010 fimiert die GSW dann als aktiennotierte GSW Immobilien AG. Das Unternehmen wird als Bestandshalterin ihrer Immobilien  weitergef\u00fchrt, ist aber nur eine formalrechtliche H\u00fclle ohne eigene  Rechtsbefugnis , weil sonst bei der \u00dcbernahme durch die  Deutsche Wohnen Grunderwerbsteuer gezahlt h\u00e4tte werden m\u00fcssen. Seit 2013 befindet sich die GSW in der Hand der Deutsche Wohnen SE. <\/p>\n\n\n\n<p>Gegenw\u00e4rtig leben in der Hausgemeinschaft ca. vierzig Menschen zwischen 1 und 68 Jahren unter schiedlichster Herkunft. Anders als in konventionellen Wohnformen streben wir innerhalb des Hauses ein hohes Ma\u00df an sozialer Gerechtigkeit an und leben solidarisch miteinander.<\/p>\n\n\n\n<p>Das Haus, bestehend aus Vorderhaus [durchgestecktem Seitenfl\u00fcgel] und Hinterhaus umfasst insgesamt neun Wohnungen auf vier Etagen und eine weitere Wohnung im Hinterhaus des  Erdgescho\u00df. Ebenfalls im Erdgescho\u00df von Vorderhaus und Seitenfl\u00fcgel haben wir Gewerbefl\u00e4chen an \u00bbWildwuchs\u00ab, Garten-Landschaftsbau, vermietet. <\/p>\n\n\n\n<p>Wir als Bewohner*innen des Hauses verwalten sich \u00fcber ein hausinternes Plenum. Hierbei werden alle organisatorischen Anliegen und Ma\u00dfnahmen koordiniert, die zum Erhalt und der Pflege des Hausprojektes beitragen. Neben technischen Dingen ist das Plenum auch ein Ort zum Austausch und der Koordination sozialen und politischen Engagements. <\/p>\n\n\n\n<p>Die Miete wird gestaffelt und einkommensabh\u00e4ngig \u2013 f\u00fcr die Gesamtfl\u00e4che des Hauses \u2013 pro erwachsene Bewohner*innen gezahlt. D.h., die Miete f\u00fcr die Gemeinschaftsr\u00e4ume, die Gemeinschaftsk\u00fcche, das Solizimmer, die Werkst\u00e4tten, den KFZ-Werkstadt-Laden und aller Kinderzimmer tragen wir alle gemeinsam. <\/p>\n\n\n\n<p>Stichpunktartig unsere ethischen\/weltanschaulichen Grundlagen<br> \u2022    Gleiche Rechte f\u00fcr Alle<br> \u2022    Egalit\u00e4re Geschlechtervorstellungen<br> \u2022    Anithierarchische Lebensvorstellungen<br> \u2022    Absage an Rassismus<br> \u2022    Kampf gegen Faschismus<br> \u2022    Solidarit\u00e4t<br> \u2022    Basisorganisierung<br> \u2022    Konsensprinzip [inkl. ernsthafter Ber\u00fccksichtung von m\u00f6glichen Minderheitenpositionen]<br> \u2022    Gemeinwohlorientierter Eigentumsgebrauch<\/p>\n","protected":false},"excerpt":{"rendered":"<p>Kohlfurter Stra\u00dfe 40. Wir sind eines jener H\u00e4user, die 1981 besetzt wurden. Auf der Internetseite www.berlin-besetzt.de findet ihr Fotos von 1981 und ein dokumentiertes Flugblatt der damaligen Besetzer*innen. 1984\/85 wurden mit der Stadt (GSW \u2013 Gemeinn\u00fctzigen Siedlungs- und Wohnungsbaugesellschaft) im Rahmen des so genannten LaMod-Programms (Landeseigene Modernisierung) Vertr\u00e4ge ausgehandelt. Diese Vertr\u00e4ge spiegeln in Teilen das &hellip; <\/p>\n<p class=\"link-more\"><a href=\"https:\/\/block89.de\/index.php\/der-block-89\/verein\/\" class=\"more-link\"><span class=\"screen-reader-text\">\u201eK40\u201c<\/span> weiterlesen<\/a><\/p>\n","protected":false},"author":1,"featured_media":0,"parent":34,"menu_order":0,"comment_status":"closed","ping_status":"closed","template":"","meta":[],"_links":{"self":[{"href":"https:\/\/block89.de\/index.php\/wp-json\/wp\/v2\/pages\/41"}],"collection":[{"href":"https:\/\/block89.de\/index.php\/wp-json\/wp\/v2\/pages"}],"about":[{"href":"https:\/\/block89.de\/index.php\/wp-json\/wp\/v2\/types\/page"}],"author":[{"embeddable":true,"href":"https:\/\/block89.de\/index.php\/wp-json\/wp\/v2\/users\/1"}],"replies":[{"embeddable":true,"href":"https:\/\/block89.de\/index.php\/wp-json\/wp\/v2\/comments?post=41"}],"version-history":[{"count":3,"href":"https:\/\/block89.de\/index.php\/wp-json\/wp\/v2\/pages\/41\/revisions"}],"predecessor-version":[{"id":60,"href":"https:\/\/block89.de\/index.php\/wp-json\/wp\/v2\/pages\/41\/revisions\/60"}],"up":[{"embeddable":true,"href":"https:\/\/block89.de\/index.php\/wp-json\/wp\/v2\/pages\/34"}],"wp:attachment":[{"href":"https:\/\/block89.de\/index.php\/wp-json\/wp\/v2\/media?parent=41"}],"curies":[{"name":"wp","href":"https:\/\/api.w.org\/{rel}","templated":true}]}}