 
{"id":37,"date":"2019-05-24T07:13:54","date_gmt":"2019-05-24T07:13:54","guid":{"rendered":"http:\/\/block89.de\/?page_id=37"},"modified":"2019-06-22T10:15:58","modified_gmt":"2019-06-22T10:15:58","slug":"ueber-uns","status":"publish","type":"page","link":"https:\/\/block89.de\/index.php\/ueber-uns\/","title":{"rendered":"\u00dcber uns"},"content":{"rendered":"\n<p>Wir sind der Block*89. Seit 2017 versammeln sich die Mieter*innen von nunmehr 6 H\u00e4usern des Block 89 regelm\u00e4\u00dfig zu Block-Vollversammlungen, wo wir gemeinsame L\u00f6sungen f\u00fcr die folgenden drei grundlegenden Ziele zu erarbeiten:<\/p>\n\n\n\n<p>(a)  <strong>Weg von der Aktiengesellschaft Deutschen Wohnen<\/strong> und ihrer am Profit ausgerichteten Verwertungsstrategien.<br><\/p>\n\n\n\n<p>(b) <strong>\u00dcberf\u00fchrung des Block*89 in genossenschaftliche Wohn\u00admodelle unter Erhalt des aktuellen Bestands<\/strong> an  Bewohner*innen und der (z.T. bereits selbstverwalteten) Strukturen in und zwischen den H\u00e4usern.<br><\/p>\n\n\n\n<p>(c) <strong>Die H\u00e4user sollen langfristig unverk\u00e4uflich und sicher vor einer Umwandlung in Wohneigentum sein.<\/strong> D.h. eine genossen\u00adschaftliche Wohnform, bspw. auf dem Boden einer Stadt\u00adbodenstiftung und nach dem Mietsh\u00e4usersyndikat-Modell, muss rechtssicher gew\u00e4hrleisten, da\u00df die H\u00e4user nicht erneut verkauft und\/oder privatisiert werden k\u00f6nnen.<\/p>\n\n\n\n<p>Neben den Vollversammlungen bildeten wir Arbeitsgruppen, die sich \u00fcber stadtpolitische Fragen hinaus, auch mit der Frage eines m\u00f6glichen Erwerbs der H\u00e4user, genossenschaft\u00adlichen Wohn- und Verwaltungsm\u00f6glichkeiten besch\u00e4ftigen. An der Kampagne \u00bbDeutsche Wohnen und Co enteignen\u00ab beteiligen wir uns ebenfalls. <\/p>\n\n\n\n<p>Wir organisier(t)en 2018 und 2019 ein nachbarschaftliches Stra\u00dfenfest, Bewohner*innen beteiligten sich in der Intiative zur Schaffung eines Community Land Trust (CLT) in Kreuzberg. Wir nahmen und nehmen an zahlreichen Aktionen und Demonstrationen wegen der Wohnungsspekulation und Wohnungspolitik teil.<\/p>\n","protected":false},"excerpt":{"rendered":"<p>Wir sind der Block*89. Seit 2017 versammeln sich die Mieter*innen von nunmehr 6 H\u00e4usern des Block 89 regelm\u00e4\u00dfig zu Block-Vollversammlungen, wo wir gemeinsame L\u00f6sungen f\u00fcr die folgenden drei grundlegenden Ziele zu erarbeiten: (a) Weg von der Aktiengesellschaft Deutschen Wohnen und ihrer am Profit ausgerichteten Verwertungsstrategien. (b) \u00dcberf\u00fchrung des Block*89 in genossenschaftliche Wohn\u00admodelle unter Erhalt des &hellip; <\/p>\n<p class=\"link-more\"><a href=\"https:\/\/block89.de\/index.php\/ueber-uns\/\" class=\"more-link\"><span class=\"screen-reader-text\">\u201e\u00dcber uns\u201c<\/span> weiterlesen<\/a><\/p>\n","protected":false},"author":1,"featured_media":0,"parent":0,"menu_order":0,"comment_status":"closed","ping_status":"closed","template":"","meta":[],"_links":{"self":[{"href":"https:\/\/block89.de\/index.php\/wp-json\/wp\/v2\/pages\/37"}],"collection":[{"href":"https:\/\/block89.de\/index.php\/wp-json\/wp\/v2\/pages"}],"about":[{"href":"https:\/\/block89.de\/index.php\/wp-json\/wp\/v2\/types\/page"}],"author":[{"embeddable":true,"href":"https:\/\/block89.de\/index.php\/wp-json\/wp\/v2\/users\/1"}],"replies":[{"embeddable":true,"href":"https:\/\/block89.de\/index.php\/wp-json\/wp\/v2\/comments?post=37"}],"version-history":[{"count":4,"href":"https:\/\/block89.de\/index.php\/wp-json\/wp\/v2\/pages\/37\/revisions"}],"predecessor-version":[{"id":57,"href":"https:\/\/block89.de\/index.php\/wp-json\/wp\/v2\/pages\/37\/revisions\/57"}],"wp:attachment":[{"href":"https:\/\/block89.de\/index.php\/wp-json\/wp\/v2\/media?parent=37"}],"curies":[{"name":"wp","href":"https:\/\/api.w.org\/{rel}","templated":true}]}}